{"id":25,"date":"2017-06-06T23:00:51","date_gmt":"2017-06-06T21:00:51","guid":{"rendered":"http:\/\/karateclubnazairien.fr\/?page_id=25"},"modified":"2025-08-31T11:07:18","modified_gmt":"2025-08-31T09:07:18","slug":"accueil","status":"publish","type":"page","link":"https:\/\/karateclubnazairien.fr\/","title":{"rendered":"Accueil"},"content":{"rendered":"<p><!--more-->Bienvenue sur le site du Karat\u00e9 Club Nazairien.<\/p>\n<p>Le KCN existe depuis plus de 40 ans. On y pratique le Karat\u00e9 Shotokan, ainsi que le Ta\u00ef-Jitsu (self-d\u00e9fense) et le Qi Qong.<\/p>\n<p>Nous y dispensons des cours enfants et adultes.<\/p>\n<p>Que vos aspirations aillent vers une pratique comp\u00e9titive, traditionnelle, de loisir ou vers une recherche de d\u00e9veloppement personnel, ces disciplines sont adapt\u00e9es \u00e0 tous.<\/p>\n<p style=\"text-align: center;\"><b>*** INSCRIPTIONS ***<\/b><\/p>\n<p style=\"text-align: center;\">Les inscriptions vont reprendre \u00e0 compter du lundi 8 <strong>septembre 2025<\/strong>\u00a0\u00e0 partir de <strong>18h15<\/strong><\/p>\n<p style=\"text-align: center;\">Puis aux jours et horaires habituels d\u2019entra\u00eenements.<\/p>\n<p style=\"text-align: center;\">Reprise<strong>\u00a0<\/strong>des entra\u00eenements adultes le lundi 8<strong>\u00a0septembre 2025<\/strong><\/p>\n<p style=\"text-align: center;\">et a partir du mercredi <strong>10 septembre 2025<\/strong>\u00a0pour les enfants.<\/p>\n<p style=\"text-align: center;\">\u00c0 bient\u00f4t sur le tatami !<\/p>\n","protected":false},"excerpt":{"rendered":"","protected":false},"author":1,"featured_media":0,"parent":0,"menu_order":0,"comment_status":"closed","ping_status":"closed","template":"","meta":[],"_links":{"self":[{"href":"https:\/\/karateclubnazairien.fr\/index.php?rest_route=\/wp\/v2\/pages\/25"}],"collection":[{"href":"https:\/\/karateclubnazairien.fr\/index.php?rest_route=\/wp\/v2\/pages"}],"about":[{"href":"https:\/\/karateclubnazairien.fr\/index.php?rest_route=\/wp\/v2\/types\/page"}],"author":[{"embeddable":true,"href":"https:\/\/karateclubnazairien.fr\/index.php?rest_route=\/wp\/v2\/users\/1"}],"replies":[{"embeddable":true,"href":"https:\/\/karateclubnazairien.fr\/index.php?rest_route=%2Fwp%2Fv2%2Fcomments&post=25"}],"version-history":[{"count":54,"href":"https:\/\/karateclubnazairien.fr\/index.php?rest_route=\/wp\/v2\/pages\/25\/revisions"}],"predecessor-version":[{"id":299,"href":"https:\/\/karateclubnazairien.fr\/index.php?rest_route=\/wp\/v2\/pages\/25\/revisions\/299"}],"wp:attachment":[{"href":"https:\/\/karateclubnazairien.fr\/index.php?rest_route=%2Fwp%2Fv2%2Fmedia&parent=25"}],"curies":[{"name":"wp","href":"https:\/\/api.w.org\/{rel}","templated":true}]}}