{"id":26,"date":"2017-06-06T23:00:51","date_gmt":"2017-06-06T21:00:51","guid":{"rendered":"http:\/\/karateclubnazairien.fr\/?page_id=26"},"modified":"2025-08-31T11:22:25","modified_gmt":"2025-08-31T09:22:25","slug":"a-propos-de","status":"publish","type":"page","link":"https:\/\/karateclubnazairien.fr\/?page_id=26","title":{"rendered":"Pr\u00e9sentation"},"content":{"rendered":"<p style=\"text-align: left;\">Les cours sont assur\u00e9s par:<\/p>\n<p style=\"text-align: left;\">Ammar Hamache : ceinture noire 4\u00e8me Dan de Karat\u00e9<\/p>\n<p style=\"text-align: left;\">La\u00ebtitia Perreon : ceinture noire 2\u00e8me Dan de Karat\u00e9 et ceinture noire 1er Dan de Ta\u00ef-Jitsu<\/p>\n<p>Fabrice Mignot : ceinture noire 3\u00e8me Dan de Karat\u00e9<\/p>\n<p style=\"text-align: left;\">Gildas Le M\u00e9tayer : ceinture noire 6e Dan de Karat\u00e9, ceinture noire 2e Dan de Kyusho jitsu et certifi\u00e9 pour la pratique du Qi Qong.<\/p>\n<p><img loading=\"lazy\" class=\"size-medium wp-image-121 aligncenter\" src=\"http:\/\/karateclubnazairien.fr\/wp-content\/uploads\/2017\/06\/IMGP4100-2-172x300.jpg\" alt=\"\" width=\"172\" height=\"300\" srcset=\"https:\/\/karateclubnazairien.fr\/wp-content\/uploads\/2017\/06\/IMGP4100-2-172x300.jpg 172w, https:\/\/karateclubnazairien.fr\/wp-content\/uploads\/2017\/06\/IMGP4100-2-768x1343.jpg 768w, https:\/\/karateclubnazairien.fr\/wp-content\/uploads\/2017\/06\/IMGP4100-2-585x1024.jpg 585w, https:\/\/karateclubnazairien.fr\/wp-content\/uploads\/2017\/06\/IMGP4100-2.jpg 1932w\" sizes=\"(max-width: 172px) 100vw, 172px\" \/><\/p>\n","protected":false},"excerpt":{"rendered":"<p>Les cours sont assur\u00e9s par: Ammar Hamache : ceinture noire 4\u00e8me Dan de Karat\u00e9 La\u00ebtitia Perreon : ceinture noire 2\u00e8me Dan de Karat\u00e9 et ceinture noire 1er Dan de Ta\u00ef-Jitsu Fabrice Mignot : ceinture noire 3\u00e8me Dan de Karat\u00e9 Gildas Le M\u00e9tayer : ceinture noire 6e Dan de Karat\u00e9, ceinture noire 2e Dan de Kyusho &hellip; <\/p>\n<p class=\"link-more\"><a href=\"https:\/\/karateclubnazairien.fr\/?page_id=26\" class=\"more-link\">Continue reading<span class=\"screen-reader-text\"> &#8220;Pr\u00e9sentation&#8221;<\/span><\/a><\/p>\n","protected":false},"author":1,"featured_media":126,"parent":0,"menu_order":0,"comment_status":"closed","ping_status":"closed","template":"","meta":[],"_links":{"self":[{"href":"https:\/\/karateclubnazairien.fr\/index.php?rest_route=\/wp\/v2\/pages\/26"}],"collection":[{"href":"https:\/\/karateclubnazairien.fr\/index.php?rest_route=\/wp\/v2\/pages"}],"about":[{"href":"https:\/\/karateclubnazairien.fr\/index.php?rest_route=\/wp\/v2\/types\/page"}],"author":[{"embeddable":true,"href":"https:\/\/karateclubnazairien.fr\/index.php?rest_route=\/wp\/v2\/users\/1"}],"replies":[{"embeddable":true,"href":"https:\/\/karateclubnazairien.fr\/index.php?rest_route=%2Fwp%2Fv2%2Fcomments&post=26"}],"version-history":[{"count":15,"href":"https:\/\/karateclubnazairien.fr\/index.php?rest_route=\/wp\/v2\/pages\/26\/revisions"}],"predecessor-version":[{"id":305,"href":"https:\/\/karateclubnazairien.fr\/index.php?rest_route=\/wp\/v2\/pages\/26\/revisions\/305"}],"wp:featuredmedia":[{"embeddable":true,"href":"https:\/\/karateclubnazairien.fr\/index.php?rest_route=\/wp\/v2\/media\/126"}],"wp:attachment":[{"href":"https:\/\/karateclubnazairien.fr\/index.php?rest_route=%2Fwp%2Fv2%2Fmedia&parent=26"}],"curies":[{"name":"wp","href":"https:\/\/api.w.org\/{rel}","templated":true}]}}