{"id":27,"date":"2017-06-06T23:00:51","date_gmt":"2017-06-06T21:00:51","guid":{"rendered":"http:\/\/karateclubnazairien.fr\/?page_id=27"},"modified":"2024-09-07T20:56:12","modified_gmt":"2024-09-07T18:56:12","slug":"contact","status":"publish","type":"page","link":"https:\/\/karateclubnazairien.fr\/?page_id=27","title":{"rendered":"Contact"},"content":{"rendered":"<p><a href=\"https:\/\/www.google.fr\/maps\/dir\/\/Gymnase+C+CARPENTIER,+Chemin+de+Porc%C3%A9,+44600+Saint-Nazaire\/@47.2542904,-2.2572292,17.19z\/data=!4m8!4m7!1m0!1m5!1m1!1s0x480568be59222e51:0xab99b45cd8bc6173!2m2!1d-2.2561941!2d47.2539847\" target=\"_blank\" rel=\"noopener noreferrer\"><img loading=\"lazy\" class=\"alignnone size-medium wp-image-99\" src=\"http:\/\/karateclubnazairien.fr\/wp-content\/uploads\/2017\/06\/Capture-d\u2019\u00e9cran-2017-06-07-\u00e0-01.07.01-300x175.png\" alt=\"\" width=\"300\" height=\"175\" srcset=\"https:\/\/karateclubnazairien.fr\/wp-content\/uploads\/2017\/06\/Capture-d\u2019\u00e9cran-2017-06-07-\u00e0-01.07.01-300x175.png 300w, https:\/\/karateclubnazairien.fr\/wp-content\/uploads\/2017\/06\/Capture-d\u2019\u00e9cran-2017-06-07-\u00e0-01.07.01-768x449.png 768w, https:\/\/karateclubnazairien.fr\/wp-content\/uploads\/2017\/06\/Capture-d\u2019\u00e9cran-2017-06-07-\u00e0-01.07.01-1024x599.png 1024w, https:\/\/karateclubnazairien.fr\/wp-content\/uploads\/2017\/06\/Capture-d\u2019\u00e9cran-2017-06-07-\u00e0-01.07.01.png 1100w\" sizes=\"(max-width: 300px) 100vw, 300px\" \/><\/a><\/p>\n<p>Dojo du gymnase GEORGES CARPENTIER, chemin de Porc\u00e9 &#8211; 44600 Saint Nazaire<\/p>\n<p>Contact:<\/p>\n<p>06 07 32 07 45 \u00a0\/\/\u00a0 06 20 62 52 29<br \/>\nkcn.saintnazaire@gmail.com<\/p>\n<p>Fiche d&#8217;inscription \u00e0 t\u00e9l\u00e9charger ici:<br \/>\n<a href=\"http:\/\/karateclubnazairien.fr\/wp-content\/uploads\/2017\/06\/FICHE_D_INSCRIPTION_KCN-1.pdf\">FICHE_D_INSCRIPTION_KCN<\/a><\/p>\n","protected":false},"excerpt":{"rendered":"<p>Dojo du gymnase GEORGES CARPENTIER, chemin de Porc\u00e9 &#8211; 44600 Saint Nazaire Contact: 06 07 32 07 45 \u00a0\/\/\u00a0 06 20 62 52 29 kcn.saintnazaire@gmail.com Fiche d&#8217;inscription \u00e0 t\u00e9l\u00e9charger ici: FICHE_D_INSCRIPTION_KCN<\/p>\n","protected":false},"author":1,"featured_media":125,"parent":0,"menu_order":0,"comment_status":"closed","ping_status":"closed","template":"","meta":[],"_links":{"self":[{"href":"https:\/\/karateclubnazairien.fr\/index.php?rest_route=\/wp\/v2\/pages\/27"}],"collection":[{"href":"https:\/\/karateclubnazairien.fr\/index.php?rest_route=\/wp\/v2\/pages"}],"about":[{"href":"https:\/\/karateclubnazairien.fr\/index.php?rest_route=\/wp\/v2\/types\/page"}],"author":[{"embeddable":true,"href":"https:\/\/karateclubnazairien.fr\/index.php?rest_route=\/wp\/v2\/users\/1"}],"replies":[{"embeddable":true,"href":"https:\/\/karateclubnazairien.fr\/index.php?rest_route=%2Fwp%2Fv2%2Fcomments&post=27"}],"version-history":[{"count":18,"href":"https:\/\/karateclubnazairien.fr\/index.php?rest_route=\/wp\/v2\/pages\/27\/revisions"}],"predecessor-version":[{"id":292,"href":"https:\/\/karateclubnazairien.fr\/index.php?rest_route=\/wp\/v2\/pages\/27\/revisions\/292"}],"wp:featuredmedia":[{"embeddable":true,"href":"https:\/\/karateclubnazairien.fr\/index.php?rest_route=\/wp\/v2\/media\/125"}],"wp:attachment":[{"href":"https:\/\/karateclubnazairien.fr\/index.php?rest_route=%2Fwp%2Fv2%2Fmedia&parent=27"}],"curies":[{"name":"wp","href":"https:\/\/api.w.org\/{rel}","templated":true}]}}